{"id":54,"date":"2025-03-03T12:15:27","date_gmt":"2025-03-03T11:15:27","guid":{"rendered":"https:\/\/www.cerwood.it\/?post_type=product&#038;p=54"},"modified":"2026-04-08T11:31:02","modified_gmt":"2026-04-08T09:31:02","slug":"cerwood-tree-house-experience","status":"publish","type":"product","link":"https:\/\/www.cerwood.it\/en\/prodotto\/cerwood-tree-house-experience\/","title":{"rendered":"Tree House Experience"},"content":{"rendered":"<p>Festeggia il tuo compleanno, le tue ricorrenze speciali e i tuoi eventi da ricordare a JoPark!<br \/>\nUna location indimenticabile ti attende, \u00e8 <strong>\u201cIl Terrazzo sugli Alberi\u201d<\/strong>!<br \/>\nNoi la chiamiamo anche <strong>\u201cLa Piattaforma\u201d<\/strong>, perch\u00e9 \u00e8 proprio una grande piattaforma sospesa a oltre tre metri di altezza. \u00c8 il luogo ideale per festeggiare con gli amici, con panche e tavolini su cui potrai organizzare il tuo buffet!<br \/>\nLa Piattaforma \u00e8 un\u2019area riservata ad uso esclusivo, accessibile su prenotazione, disponibile per organizzare un pic-nic e spegnere le candeline in sospensione!<\/p>\n","protected":false},"excerpt":{"rendered":"<p>Festeggia il tuo compleanno, le tue ricorrenze speciali e i tuoi eventi da ricordare a JoPark! Una location indimenticabile ti attende, \u00e8 \u201cIl Terrazzo sugli Alberi\u201d! Noi la chiamiamo anche \u201cLa Piattaforma\u201d, perch\u00e9 \u00e8 proprio una grande piattaforma sospesa a oltre tre metri di altezza. \u00c8 il luogo ideale per festeggiare con gli amici, con&hellip; <a class=\"more-link\" href=\"https:\/\/www.cerwood.it\/en\/prodotto\/cerwood-tree-house-experience\/\">Continue reading <span class=\"screen-reader-text\">Tree House Experience<\/span><\/a><\/p>\n","protected":false},"featured_media":1207,"template":"","meta":{"_acf_changed":false},"product_brand":[],"product_cat":[17],"product_tag":[],"class_list":{"0":"post-54","1":"product","2":"type-product","3":"status-publish","4":"has-post-thumbnail","6":"product_cat-senza-categoria","7":"entry","9":"first","10":"instock","11":"virtual","12":"taxable","13":"purchasable","14":"product-type-simple"},"acf":[],"yoast_head":"<!-- This site is optimized with the Yoast SEO plugin v26.9 - https:\/\/yoast.com\/product\/yoast-seo-wordpress\/ -->\n<title>Tree House Experience - Parco Avventura Cerwood<\/title>\n<meta name=\"description\" content=\"Scopri Tree House Experience di Parco Avventura Cavaioni di Bologna. Acquista ora.\" \/>\n<meta name=\"robots\" content=\"index, follow, max-snippet:-1, max-image-preview:large, max-video-preview:-1\" \/>\n<link rel=\"canonical\" href=\"https:\/\/www.cerwood.it\/en\/prodotto\/cerwood-tree-house-experience\/\" \/>\n<meta property=\"og:locale\" content=\"en_US\" \/>\n<meta property=\"og:type\" content=\"article\" \/>\n<meta property=\"og:title\" content=\"Tree House Experience - Parco Avventura Cerwood\" \/>\n<meta property=\"og:description\" content=\"Scopri Tree House Experience di Parco Avventura Cavaioni di Bologna. Acquista ora.\" \/>\n<meta property=\"og:url\" content=\"https:\/\/www.cerwood.it\/en\/prodotto\/cerwood-tree-house-experience\/\" \/>\n<meta property=\"og:site_name\" content=\"Parco Avventura Cerwood\" \/>\n<meta property=\"article:publisher\" content=\"https:\/\/www.facebook.com\/cerwood\/\" \/>\n<meta property=\"article:modified_time\" content=\"2026-04-08T09:31:02+00:00\" \/>\n<meta property=\"og:image\" content=\"https:\/\/www.cerwood.it\/wp-content\/uploads\/Cerwood-Tree-House-Foto-01.jpeg\" \/>\n\t<meta property=\"og:image:width\" content=\"1024\" \/>\n\t<meta property=\"og:image:height\" content=\"768\" \/>\n\t<meta property=\"og:image:type\" content=\"image\/jpeg\" \/>\n<meta name=\"twitter:card\" content=\"summary_large_image\" \/>\n<meta name=\"twitter:label1\" content=\"Est. reading time\" \/>\n\t<meta name=\"twitter:data1\" content=\"1 minute\" \/>\n<script type=\"application\/ld+json\" class=\"yoast-schema-graph\">{\"@context\":\"https:\/\/schema.org\",\"@graph\":[{\"@type\":\"WebPage\",\"@id\":\"https:\/\/www.cerwood.it\/en\/prodotto\/cerwood-tree-house-experience\/\",\"url\":\"https:\/\/www.cerwood.it\/en\/prodotto\/cerwood-tree-house-experience\/\",\"name\":\"Tree House Experience - Parco Avventura Cerwood\",\"isPartOf\":{\"@id\":\"https:\/\/www.cerwood.it\/en\/#website\"},\"primaryImageOfPage\":{\"@id\":\"https:\/\/www.cerwood.it\/en\/prodotto\/cerwood-tree-house-experience\/#primaryimage\"},\"image\":{\"@id\":\"https:\/\/www.cerwood.it\/en\/prodotto\/cerwood-tree-house-experience\/#primaryimage\"},\"thumbnailUrl\":\"https:\/\/www.cerwood.it\/wp-content\/uploads\/Cerwood-Tree-House-Foto-01.jpeg\",\"datePublished\":\"2025-03-03T11:15:27+00:00\",\"dateModified\":\"2026-04-08T09:31:02+00:00\",\"description\":\"Scopri Tree House Experience di Parco Avventura Cavaioni di Bologna. Acquista ora.\",\"breadcrumb\":{\"@id\":\"https:\/\/www.cerwood.it\/en\/prodotto\/cerwood-tree-house-experience\/#breadcrumb\"},\"inLanguage\":\"en-US\",\"potentialAction\":[{\"@type\":\"ReadAction\",\"target\":[\"https:\/\/www.cerwood.it\/en\/prodotto\/cerwood-tree-house-experience\/\"]}]},{\"@type\":\"ImageObject\",\"inLanguage\":\"en-US\",\"@id\":\"https:\/\/www.cerwood.it\/en\/prodotto\/cerwood-tree-house-experience\/#primaryimage\",\"url\":\"https:\/\/www.cerwood.it\/wp-content\/uploads\/Cerwood-Tree-House-Foto-01.jpeg\",\"contentUrl\":\"https:\/\/www.cerwood.it\/wp-content\/uploads\/Cerwood-Tree-House-Foto-01.jpeg\",\"width\":1024,\"height\":768},{\"@type\":\"BreadcrumbList\",\"@id\":\"https:\/\/www.cerwood.it\/en\/prodotto\/cerwood-tree-house-experience\/#breadcrumb\",\"itemListElement\":[{\"@type\":\"ListItem\",\"position\":1,\"name\":\"Products\",\"item\":\"https:\/\/www.cerwood.it\/en\/shop\/\"},{\"@type\":\"ListItem\",\"position\":2,\"name\":\"Tree House Experience\"}]},{\"@type\":\"WebSite\",\"@id\":\"https:\/\/www.cerwood.it\/en\/#website\",\"url\":\"https:\/\/www.cerwood.it\/en\/\",\"name\":\"Parco Avventura Cerwood\",\"description\":\"\",\"publisher\":{\"@id\":\"https:\/\/www.cerwood.it\/en\/#organization\"},\"potentialAction\":[{\"@type\":\"SearchAction\",\"target\":{\"@type\":\"EntryPoint\",\"urlTemplate\":\"https:\/\/www.cerwood.it\/en\/?s={search_term_string}\"},\"query-input\":{\"@type\":\"PropertyValueSpecification\",\"valueRequired\":true,\"valueName\":\"search_term_string\"}}],\"inLanguage\":\"en-US\"},{\"@type\":\"Organization\",\"@id\":\"https:\/\/www.cerwood.it\/en\/#organization\",\"name\":\"Cerwood\",\"url\":\"https:\/\/www.cerwood.it\/en\/\",\"logo\":{\"@type\":\"ImageObject\",\"inLanguage\":\"en-US\",\"@id\":\"https:\/\/www.cerwood.it\/en\/#\/schema\/logo\/image\/\",\"url\":\"https:\/\/www.cerwood.it\/wp-content\/uploads\/logo-cerwood.svg\",\"contentUrl\":\"https:\/\/www.cerwood.it\/wp-content\/uploads\/logo-cerwood.svg\",\"width\":307,\"height\":81,\"caption\":\"Cerwood\"},\"image\":{\"@id\":\"https:\/\/www.cerwood.it\/en\/#\/schema\/logo\/image\/\"},\"sameAs\":[\"https:\/\/www.facebook.com\/cerwood\/\",\"https:\/\/www.instagram.com\/cerwood\/\"]}]}<\/script>\n<!-- \/ Yoast SEO plugin. -->","yoast_head_json":{"title":"Tree House Experience - Parco Avventura Cerwood","description":"Scopri Tree House Experience di Parco Avventura Cavaioni di Bologna. Acquista ora.","robots":{"index":"index","follow":"follow","max-snippet":"max-snippet:-1","max-image-preview":"max-image-preview:large","max-video-preview":"max-video-preview:-1"},"canonical":"https:\/\/www.cerwood.it\/en\/prodotto\/cerwood-tree-house-experience\/","og_locale":"en_US","og_type":"article","og_title":"Tree House Experience - Parco Avventura Cerwood","og_description":"Scopri Tree House Experience di Parco Avventura Cavaioni di Bologna. Acquista ora.","og_url":"https:\/\/www.cerwood.it\/en\/prodotto\/cerwood-tree-house-experience\/","og_site_name":"Parco Avventura Cerwood","article_publisher":"https:\/\/www.facebook.com\/cerwood\/","article_modified_time":"2026-04-08T09:31:02+00:00","og_image":[{"width":1024,"height":768,"url":"https:\/\/www.cerwood.it\/wp-content\/uploads\/Cerwood-Tree-House-Foto-01.jpeg","type":"image\/jpeg"}],"twitter_card":"summary_large_image","twitter_misc":{"Est. reading time":"1 minute"},"schema":{"@context":"https:\/\/schema.org","@graph":[{"@type":"WebPage","@id":"https:\/\/www.cerwood.it\/en\/prodotto\/cerwood-tree-house-experience\/","url":"https:\/\/www.cerwood.it\/en\/prodotto\/cerwood-tree-house-experience\/","name":"Tree House Experience - Parco Avventura Cerwood","isPartOf":{"@id":"https:\/\/www.cerwood.it\/en\/#website"},"primaryImageOfPage":{"@id":"https:\/\/www.cerwood.it\/en\/prodotto\/cerwood-tree-house-experience\/#primaryimage"},"image":{"@id":"https:\/\/www.cerwood.it\/en\/prodotto\/cerwood-tree-house-experience\/#primaryimage"},"thumbnailUrl":"https:\/\/www.cerwood.it\/wp-content\/uploads\/Cerwood-Tree-House-Foto-01.jpeg","datePublished":"2025-03-03T11:15:27+00:00","dateModified":"2026-04-08T09:31:02+00:00","description":"Scopri Tree House Experience di Parco Avventura Cavaioni di Bologna. Acquista ora.","breadcrumb":{"@id":"https:\/\/www.cerwood.it\/en\/prodotto\/cerwood-tree-house-experience\/#breadcrumb"},"inLanguage":"en-US","potentialAction":[{"@type":"ReadAction","target":["https:\/\/www.cerwood.it\/en\/prodotto\/cerwood-tree-house-experience\/"]}]},{"@type":"ImageObject","inLanguage":"en-US","@id":"https:\/\/www.cerwood.it\/en\/prodotto\/cerwood-tree-house-experience\/#primaryimage","url":"https:\/\/www.cerwood.it\/wp-content\/uploads\/Cerwood-Tree-House-Foto-01.jpeg","contentUrl":"https:\/\/www.cerwood.it\/wp-content\/uploads\/Cerwood-Tree-House-Foto-01.jpeg","width":1024,"height":768},{"@type":"BreadcrumbList","@id":"https:\/\/www.cerwood.it\/en\/prodotto\/cerwood-tree-house-experience\/#breadcrumb","itemListElement":[{"@type":"ListItem","position":1,"name":"Products","item":"https:\/\/www.cerwood.it\/en\/shop\/"},{"@type":"ListItem","position":2,"name":"Tree House Experience"}]},{"@type":"WebSite","@id":"https:\/\/www.cerwood.it\/en\/#website","url":"https:\/\/www.cerwood.it\/en\/","name":"Parco Avventura Cerwood","description":"","publisher":{"@id":"https:\/\/www.cerwood.it\/en\/#organization"},"potentialAction":[{"@type":"SearchAction","target":{"@type":"EntryPoint","urlTemplate":"https:\/\/www.cerwood.it\/en\/?s={search_term_string}"},"query-input":{"@type":"PropertyValueSpecification","valueRequired":true,"valueName":"search_term_string"}}],"inLanguage":"en-US"},{"@type":"Organization","@id":"https:\/\/www.cerwood.it\/en\/#organization","name":"Cerwood","url":"https:\/\/www.cerwood.it\/en\/","logo":{"@type":"ImageObject","inLanguage":"en-US","@id":"https:\/\/www.cerwood.it\/en\/#\/schema\/logo\/image\/","url":"https:\/\/www.cerwood.it\/wp-content\/uploads\/logo-cerwood.svg","contentUrl":"https:\/\/www.cerwood.it\/wp-content\/uploads\/logo-cerwood.svg","width":307,"height":81,"caption":"Cerwood"},"image":{"@id":"https:\/\/www.cerwood.it\/en\/#\/schema\/logo\/image\/"},"sameAs":["https:\/\/www.facebook.com\/cerwood\/","https:\/\/www.instagram.com\/cerwood\/"]}]}},"_links":{"self":[{"href":"https:\/\/www.cerwood.it\/en\/wp-json\/wp\/v2\/product\/54","targetHints":{"allow":["GET"]}}],"collection":[{"href":"https:\/\/www.cerwood.it\/en\/wp-json\/wp\/v2\/product"}],"about":[{"href":"https:\/\/www.cerwood.it\/en\/wp-json\/wp\/v2\/types\/product"}],"wp:featuredmedia":[{"embeddable":true,"href":"https:\/\/www.cerwood.it\/en\/wp-json\/wp\/v2\/media\/1207"}],"wp:attachment":[{"href":"https:\/\/www.cerwood.it\/en\/wp-json\/wp\/v2\/media?parent=54"}],"wp:term":[{"taxonomy":"product_brand","embeddable":true,"href":"https:\/\/www.cerwood.it\/en\/wp-json\/wp\/v2\/product_brand?post=54"},{"taxonomy":"product_cat","embeddable":true,"href":"https:\/\/www.cerwood.it\/en\/wp-json\/wp\/v2\/product_cat?post=54"},{"taxonomy":"product_tag","embeddable":true,"href":"https:\/\/www.cerwood.it\/en\/wp-json\/wp\/v2\/product_tag?post=54"}],"curies":[{"name":"wp","href":"https:\/\/api.w.org\/{rel}","templated":true}]}}